{"id":2720,"date":"2021-03-26T10:43:33","date_gmt":"2021-03-26T09:43:33","guid":{"rendered":"https:\/\/www.hotelberthod.com\/congres\/"},"modified":"2021-05-21T14:15:36","modified_gmt":"2021-05-21T12:15:36","slug":"congres","status":"publish","type":"page","link":"https:\/\/www.hotelberthod.com\/fr\/congres\/","title":{"rendered":"Congr\u00e8s"},"content":{"rendered":"<p>[et_pb_section fb_built=&#8221;1&#8243; _builder_version=&#8221;4.8.1&#8243; _module_preset=&#8221;default&#8221; background_color=&#8221;#3772ba&#8221; custom_padding=&#8221;0px||0px||true|&#8221; global_module=&#8221;833&#8243; saved_tabs=&#8221;all&#8221;][et_pb_row _builder_version=&#8221;4.7.0&#8243; _module_preset=&#8221;default&#8221; custom_padding=&#8221;15px||15px||true|false&#8221;][et_pb_column type=&#8221;4_4&#8243; _builder_version=&#8221;4.7.0&#8243; _module_preset=&#8221;default&#8221; background_color=&#8221;#3772ba&#8221;]<\/p>\n<p>[et_pb_menu menu_id=&#8221;6&#8243; menu_style=&#8221;centered&#8221; active_link_color=&#8221;#000000&#8243; dropdown_menu_bg_color=&#8221;#2b5b96&#8243; dropdown_menu_line_color=&#8221;#2b5b96&#8243; dropdown_menu_text_color=&#8221;#ffffff&#8221; dropdown_menu_active_link_color=&#8221;#000000&#8243; mobile_menu_bg_color=&#8221;#2b5b96&#8243; mobile_menu_text_color=&#8221;#ffffff&#8221; cart_icon_color=&#8221;#ffffff&#8221; search_icon_color=&#8221;#ffffff&#8221; menu_icon_color=&#8221;#ffffff&#8221; _builder_version=&#8221;4.8.1&#8243; _module_preset=&#8221;default&#8221; menu_font=&#8221;|||on|||||&#8221; menu_text_color=&#8221;#ffffff&#8221; menu_font_size=&#8221;15px&#8221; background_enable_color=&#8221;off&#8221; locked=&#8221;off&#8221;][\/et_pb_menu]<\/p>\n<p>[\/et_pb_column][\/et_pb_row][\/et_pb_section][et_pb_section fb_built=&#8221;1&#8243; custom_padding_last_edited=&#8221;on|tablet&#8221; _builder_version=&#8221;4.8.1&#8243; _module_preset=&#8221;default&#8221; background_image=&#8221;https:\/\/www.hotelberthod.com\/wp-content\/uploads\/2021\/01\/la-sala-cogressi-4.jpg&#8221; parallax=&#8221;on&#8221; parallax_method=&#8221;off&#8221; transform_translate_linked=&#8221;off&#8221; custom_padding=&#8221;250px||250px||true|&#8221; custom_padding_tablet=&#8221;0px||0px||true|false&#8221; custom_padding_phone=&#8221;&#8221; background_color_tablet=&#8221;#3772BA&#8221; background_last_edited=&#8221;on|tablet&#8221; background_enable_color_tablet=&#8221;on&#8221; background_enable_image_tablet=&#8221;off&#8221; locked=&#8221;off&#8221;][et_pb_row use_custom_gutter=&#8221;on&#8221; gutter_width=&#8221;1&#8243; disabled_on=&#8221;off|off|on&#8221; _builder_version=&#8221;4.8.1&#8243; _module_preset=&#8221;default&#8221; width=&#8221;100%&#8221; max_width=&#8221;2560px&#8221; custom_padding=&#8221;0px||0px||true|&#8221; locked=&#8221;off&#8221;][et_pb_column type=&#8221;4_4&#8243; _builder_version=&#8221;4.8.1&#8243; _module_preset=&#8221;default&#8221; background_enable_color=&#8221;off&#8221; background_image=&#8221;https:\/\/www.hotelberthod.com\/wp-content\/uploads\/2021\/01\/la-sala-cogressi-4.jpg&#8221; custom_padding=&#8221;150px||150px||true|true&#8221; custom_padding_tablet=&#8221;&#8221; custom_padding_phone=&#8221;120px||120px||true|true&#8221; custom_padding_last_edited=&#8221;on|phone&#8221;]<\/p>\n<p>[et_pb_divider show_divider=&#8221;off&#8221; _builder_version=&#8221;4.8.1&#8243; _module_preset=&#8221;default&#8221;][\/et_pb_divider]<\/p>\n<p>[\/et_pb_column][\/et_pb_row][et_pb_row column_structure=&#8221;1_3,2_3&#8243; use_custom_gutter=&#8221;on&#8221; gutter_width=&#8221;1&#8243; _builder_version=&#8221;4.8.1&#8243; _module_preset=&#8221;default&#8221; width=&#8221;100%&#8221; max_width=&#8221;2560px&#8221; custom_padding=&#8221;0px||0px||true|&#8221; locked=&#8221;off&#8221;][et_pb_column type=&#8221;1_3&#8243; _builder_version=&#8221;4.6.6&#8243; _module_preset=&#8221;default&#8221; background_color=&#8221;rgba(255,255,255,0.85)&#8221; custom_padding=&#8221;50px|50px|50px|50px|true|true&#8221;][et_pb_text admin_label=&#8221;Titolo&#8221; _builder_version=&#8221;4.8.1&#8243; _module_preset=&#8221;default&#8221;]<\/p>\n<h1>Congr\u00e8s<\/h1>\n<p>[\/et_pb_text][et_pb_text _builder_version=&#8221;4.7.4&#8243; _module_preset=&#8221;default&#8221; custom_margin=&#8221;||50px||false|false&#8221;]<\/p>\n<h3 style=\"text-align: left;\">Salle avec 60 places<\/h3>\n<p>[\/et_pb_text][et_pb_button button_url=&#8221;https:\/\/booking.bedzzle.com\/desktop\/?apikey=cdb89fb7dc3cee99080b71b124029e74&amp;lang=fr&#8221; url_new_window=&#8221;on&#8221; button_text=&#8221;R\u00e9server&#8221; button_alignment=&#8221;left&#8221; module_id=&#8221;bottone-hotel&#8221; module_class=&#8221;bottone-hotel&#8221; _builder_version=&#8221;4.7.7&#8243; _module_preset=&#8221;default&#8221; custom_margin=&#8221;||10px||false|false&#8221; global_module=&#8221;947&#8243; saved_tabs=&#8221;all&#8221; button_bg_color__hover_enabled=&#8221;on|hover&#8221; button_bg_color__hover=&#8221;&#8221; button_bg_enable_color__hover=&#8221;off&#8221; button_text_color__hover_enabled=&#8221;on|hover&#8221; button_text_color__hover=&#8221;#843e3b&#8221; button_border_color__hover_enabled=&#8221;on|desktop&#8221; button_border_color__hover=&#8221;#843e3b&#8221;][\/et_pb_button][et_pb_button button_url=&#8221;https:\/\/www.hotelberthod.com\/fr\/cadeau\/&#8221; button_text=&#8221;Regala&#8221; button_alignment=&#8221;left&#8221; module_id=&#8221;bottone-hotel2&#8243; module_class=&#8221;bottone-hotel2&#8243; _builder_version=&#8221;4.9.2&#8243; _module_preset=&#8221;default&#8221; custom_margin=&#8221;||10px||false|false&#8221; global_module=&#8221;1272&#8243; saved_tabs=&#8221;all&#8221; button_bg_color__hover_enabled=&#8221;on|hover&#8221; button_bg_color__hover=&#8221;&#8221; button_bg_enable_color__hover=&#8221;off&#8221; button_text_color__hover_enabled=&#8221;on|hover&#8221; button_text_color__hover=&#8221;#843e3b&#8221; button_border_color__hover_enabled=&#8221;on|desktop&#8221; button_border_color__hover=&#8221;#843e3b&#8221;][\/et_pb_button][et_pb_toggle title=&#8221;Pourquoi r\u00e9server directement&#8221; _builder_version=&#8221;4.7.7&#8243; _module_preset=&#8221;default&#8221; title_level=&#8221;h4&#8243; title_font=&#8221;|||on|||||&#8221; custom_margin=&#8221;||||false|false&#8221; global_module=&#8221;1300&#8243; saved_tabs=&#8221;all&#8221;]<\/p>\n<ul>\n<li style=\"text-align: left;\">La prenotazione diretta tramite questo sito vi assicura il prezzo migliore: vengono infatti annullati tutti gli eventuali costi di intermediazione dei portali online.<\/li>\n<li style=\"text-align: left;\">Cliccando &#8216;prenota&#8217; sar\u00e0 facile e immediato scoprire la disponibilit\u00e0 di stanze e ricevere una risposta in tempi davvero rapidi.<\/li>\n<li style=\"text-align: left;\">Prenotando direttamente il referente sar\u00e0 sempre e soltanto lo staff dell\u2019Hotel Berthod. Le stesse persone che gli ospiti conosceranno poi durante il soggiorno, alle quali fare presente qualsiasi esigenza particolare.<\/li>\n<li style=\"text-align: left;\">La modifica o cancellazione della prenotazione saranno facilitati.<\/li>\n<li style=\"text-align: left;\">Offerte speciali ed esclusive visibili solo sul nostro sito<\/li>\n<li style=\"text-align: left;\">Check-in online alcuni giorni prima dell&#8217;arrivo;<\/li>\n<li style=\"text-align: left;\">Condizioni di cancellazione e modifica sono migliori e maggiore \u00e8 la flessibilit\u00e0 rispetto ai portali online<\/li>\n<\/ul>\n<p>[\/et_pb_toggle][\/et_pb_column][et_pb_column type=&#8221;2_3&#8243; _builder_version=&#8221;4.8.1&#8243; _module_preset=&#8221;default&#8221; background_enable_color=&#8221;off&#8221; custom_padding=&#8221;0px|0px|0px|0px|true|true&#8221;][\/et_pb_column][\/et_pb_row][\/et_pb_section][et_pb_section fb_built=&#8221;1&#8243; _builder_version=&#8221;4.6.6&#8243; _module_preset=&#8221;default&#8221; custom_padding=&#8221;90px||90px||true|&#8221;][et_pb_row column_structure=&#8221;1_4,3_4&#8243; make_equal=&#8221;on&#8221; _builder_version=&#8221;4.9.2&#8243; _module_preset=&#8221;default&#8221; custom_padding=&#8221;0px||0px||true|&#8221;][et_pb_column type=&#8221;1_4&#8243; _builder_version=&#8221;4.9.2&#8243; _module_preset=&#8221;default&#8221; custom_padding=&#8221;35px|35px|35px|35px|true|true&#8221; hover_enabled=&#8221;0&#8243; border_width_right=&#8221;1px&#8221; module_id=&#8221;coli1&#8243; module_class=&#8221;coli1&#8243; sticky_enabled=&#8221;0&#8243;][et_pb_image src=&#8221;http:\/\/hotelberthod.com\/wp-content\/uploads\/2020\/11\/icona-berthod.png&#8221; title_text=&#8221;icona-berthod&#8221; align=&#8221;right&#8221; align_tablet=&#8221;right&#8221; align_phone=&#8221;&#8221; align_last_edited=&#8221;on|tablet&#8221; admin_label=&#8221;Immagine&#8221; _builder_version=&#8221;4.7.0&#8243; _module_preset=&#8221;default&#8221; max_width=&#8221;70px&#8221; module_alignment=&#8221;right&#8221; custom_margin=&#8221;||||false|false&#8221; animation_style=&#8221;slide&#8221; animation_direction=&#8221;left&#8221; module_alignment_tablet=&#8221;right&#8221; module_alignment_phone=&#8221;right&#8221; module_alignment_last_edited=&#8221;on|desktop&#8221; locked=&#8221;on&#8221;][\/et_pb_image][et_pb_text _builder_version=&#8221;4.6.6&#8243; _module_preset=&#8221;default&#8221; header_2_text_color=&#8221;#488ea8&#8243; custom_margin=&#8221;50px||10px||false|false&#8221; locked=&#8221;on&#8221;]<\/p>\n<h3 style=\"text-align: right;\">Suivez-nous<br \/>sur les social media<\/h3>\n<p>[\/et_pb_text][et_pb_social_media_follow _builder_version=&#8221;4.7.7&#8243; _module_preset=&#8221;default&#8221; text_orientation=&#8221;right&#8221; module_alignment=&#8221;right&#8221; global_module=&#8221;946&#8243; saved_tabs=&#8221;all&#8221;][et_pb_social_media_follow_network social_network=&#8221;facebook&#8221; url=&#8221;https:\/\/it-it.facebook.com\/pages\/Hotel-Berthod\/182841968457492&#8243; _builder_version=&#8221;4.7.7&#8243; _module_preset=&#8221;default&#8221; background_color=&#8221;#222222&#8243; background_enable_color=&#8221;on&#8221; border_radii=&#8221;on|0px|0px|0px|0px&#8221; background__hover_enabled=&#8221;on|hover&#8221; background_color__hover=&#8221;#666666&#8243; background_enable_color__hover=&#8221;on&#8221; follow_button=&#8221;off&#8221; url_new_window=&#8221;on&#8221;]facebook[\/et_pb_social_media_follow_network][et_pb_social_media_follow_network social_network=&#8221;instagram&#8221; url=&#8221;https:\/\/www.instagram.com\/hotelberthod\/&#8221; _builder_version=&#8221;4.7.7&#8243; _module_preset=&#8221;default&#8221; background_color=&#8221;#222222&#8243; background_enable_color=&#8221;on&#8221; border_radii=&#8221;on|0px|0px|0px|0px&#8221; background__hover_enabled=&#8221;on|hover&#8221; background_color__hover=&#8221;#666666&#8243; background_enable_color__hover=&#8221;on&#8221; follow_button=&#8221;off&#8221; url_new_window=&#8221;on&#8221;]instagram[\/et_pb_social_media_follow_network][et_pb_social_media_follow_network social_network=&#8221;twitter&#8221; url=&#8221;https:\/\/twitter.com\/hotelberthod&#8221; _builder_version=&#8221;4.7.7&#8243; _module_preset=&#8221;default&#8221; background_color=&#8221;#222222&#8243; background_enable_color=&#8221;on&#8221; border_radii=&#8221;on|0px|0px|0px|0px&#8221; background__hover_enabled=&#8221;on|hover&#8221; background_color__hover=&#8221;#666666&#8243; background_enable_color__hover=&#8221;on&#8221; follow_button=&#8221;off&#8221; url_new_window=&#8221;on&#8221;]twitter[\/et_pb_social_media_follow_network][\/et_pb_social_media_follow][\/et_pb_column][et_pb_column type=&#8221;3_4&#8243; _builder_version=&#8221;4.6.6&#8243; _module_preset=&#8221;default&#8221; custom_padding=&#8221;35px||35px||true|false&#8221;][et_pb_text admin_label=&#8221;SALA %22DES MOR\u00f2%22&#8243; _builder_version=&#8221;4.7.7&#8243; _module_preset=&#8221;default&#8221; custom_margin=&#8221;||10px||false|false&#8221;]<\/p>\n<h2>SALA &#8220;DES MOR\u00f2&#8221;<\/h2>\n<p>[\/et_pb_text][et_pb_text _builder_version=&#8221;4.7.7&#8243; _module_preset=&#8221;default&#8221; max_width=&#8221;600px&#8221; module_alignment=&#8221;left&#8221; custom_margin=&#8221;||||false|false&#8221;]<\/p>\n<p>L\u2019H\u00f4tel Berthod a Courmayeur, aux pieds du Mont Blanc, est le lieu id\u00e9al pour organiser des conf\u00e9rences, team building, r\u00e9unions de travail, congr\u00e8s, s\u00e9minaires et \u00e9v\u00e8nement particuliers.  L\u2019H\u00f4tel dispose d\u2019une salle avec lumi\u00e8re du jour et 60 places que nous proposons aussi comme surface d\u2019exposition. Pour informations et devis plus d\u00e9taill\u00e9s vous pouvez remplir le formulaire et nous vous contacterons.<\/p>\n<p>[\/et_pb_text][et_pb_button button_url=&#8221;https:\/\/www.hotelberthod.com\/fr\/contacts\/&#8221; button_text=&#8221;Plus d&#8217;infos&#8221; button_alignment=&#8221;left&#8221; module_id=&#8221;bottone-hotel&#8221; module_class=&#8221;bottone-hotel&#8221; _builder_version=&#8221;4.7.7&#8243; _module_preset=&#8221;default&#8221; saved_tabs=&#8221;all&#8221; button_bg_color__hover_enabled=&#8221;on|hover&#8221; button_bg_color__hover=&#8221;&#8221; button_bg_enable_color__hover=&#8221;off&#8221; button_text_color__hover_enabled=&#8221;on|hover&#8221; button_text_color__hover=&#8221;#843e3b&#8221; button_border_color__hover_enabled=&#8221;on|desktop&#8221; button_border_color__hover=&#8221;#843e3b&#8221;][\/et_pb_button][et_pb_blurb title=&#8221;R\u00c9SERVER&#8221; use_icon=&#8221;on&#8221; font_icon=&#8221;%%128%%&#8221; icon_color=&#8221;#ffffff&#8221; use_icon_font_size=&#8221;on&#8221; icon_font_size=&#8221;35px&#8221; disabled_on=&#8221;on|on|off&#8221; _builder_version=&#8221;4.7.7&#8243; _module_preset=&#8221;default&#8221; header_level=&#8221;h3&#8243; header_text_align=&#8221;center&#8221; header_text_color=&#8221;#ffffff&#8221; background_color=&#8221;#222222&#8243; positioning=&#8221;fixed&#8221; position_origin_a=&#8221;bottom_right&#8221; position_origin_f=&#8221;bottom_right&#8221; z_index=&#8221;999999&#8243; width=&#8221;150px&#8221; custom_padding=&#8221;20px|20px|20px|20px|true|true&#8221; link_option_url=&#8221;https:\/\/booking.bedzzle.com\/desktop\/?apikey=cdb89fb7dc3cee99080b71b124029e74&amp;lang=fr&#8221; link_option_url_new_window=&#8221;on&#8221; border_radii=&#8221;off|30px|||&#8221; box_shadow_style=&#8221;preset1&#8243; box_shadow_blur=&#8221;10px&#8221; box_shadow_color=&#8221;rgba(0,0,0,0.09)&#8221; global_module=&#8221;867&#8243; background__hover_enabled=&#8221;on|hover&#8221; background_color__hover=&#8221;#333333&#8243; background_enable_color__hover=&#8221;on&#8221;][\/et_pb_blurb][\/et_pb_column][\/et_pb_row][et_pb_row use_custom_gutter=&#8221;on&#8221; gutter_width=&#8221;2&#8243; _builder_version=&#8221;4.7.7&#8243; _module_preset=&#8221;default&#8221; custom_padding=&#8221;50px||0px|||&#8221;][et_pb_column type=&#8221;4_4&#8243; _builder_version=&#8221;4.7.7&#8243; _module_preset=&#8221;default&#8221;]<\/p>\n<p>[et_pb_gallery gallery_ids=&#8221;2331,2327,2323,2325&#8243; dbdb_version=&#8221;3.3.7&#8243; show_title_and_caption=&#8221;off&#8221; show_pagination=&#8221;off&#8221; _builder_version=&#8221;4.7.7&#8243; _module_preset=&#8221;default&#8221;][\/et_pb_gallery]<\/p>\n<p>[\/et_pb_column][\/et_pb_row][\/et_pb_section][et_pb_section fb_built=&#8221;1&#8243; disabled_on=&#8221;off|off|on&#8221; _builder_version=&#8221;4.7.7&#8243; _module_preset=&#8221;default&#8221; background_color=&#8221;#3772ba&#8221; positioning=&#8221;fixed&#8221; position_origin_f=&#8221;bottom_center&#8221; z_index=&#8221;999999&#8243; custom_margin=&#8221;||||false|false&#8221; custom_padding=&#8221;20px||5px||false|false&#8221; global_module=&#8221;1699&#8243; saved_tabs=&#8221;all&#8221;][et_pb_row use_custom_gutter=&#8221;on&#8221; gutter_width=&#8221;1&#8243; module_class=&#8221;six-columns&#8221; _builder_version=&#8221;4.9.2&#8243; _module_preset=&#8221;default&#8221; width=&#8221;90%&#8221; max_width=&#8221;2560px&#8221; custom_margin=&#8221;0px||0px||true|false&#8221; custom_padding=&#8221;0px||0px||true|&#8221;][et_pb_column type=&#8221;4_4&#8243; _builder_version=&#8221;4.9.2&#8243; _module_preset=&#8221;default&#8221; custom_padding=&#8221;0px||0px||true|false&#8221;][et_pb_blurb title=&#8221;Dove siamo&#8221; use_icon=&#8221;on&#8221; font_icon=&#8221;%%122%%&#8221; icon_color=&#8221;#ffffff&#8221; use_icon_font_size=&#8221;on&#8221; icon_font_size=&#8221;25px&#8221; _builder_version=&#8221;4.9.2&#8243; _module_preset=&#8221;default&#8221; header_level=&#8221;h5&#8243; header_font=&#8221;|300||on|||||&#8221; header_text_align=&#8221;center&#8221; header_text_color=&#8221;#ffffff&#8221; header_font_size=&#8221;14px&#8221; link_option_url=&#8221;https:\/\/www.google.it\/maps\/dir\/\/Hotel+Berthod,+Via+Mario+Puchoz,+11,+11013+Courmayeur+AO\/@45.7901419,6.9704426,17z\/data=!4m8!4m7!1m0!1m5!1m1!1s0x4789476915dcaad9:0xec8bfbf424de4df3!2m2!1d6.9726366!2d45.7901382&#8243; link_option_url_new_window=&#8221;on&#8221; custom_css_blurb_title=&#8221;margin-top: -20px;&#8221;][\/et_pb_blurb][et_pb_blurb title=&#8221;T\u00e9l&#8221; use_icon=&#8221;on&#8221; font_icon=&#8221;%%104%%&#8221; icon_color=&#8221;#ffffff&#8221; use_icon_font_size=&#8221;on&#8221; icon_font_size=&#8221;25px&#8221; _builder_version=&#8221;4.9.2&#8243; _module_preset=&#8221;default&#8221; header_level=&#8221;h5&#8243; header_font=&#8221;|300||on|||||&#8221; header_text_align=&#8221;center&#8221; header_text_color=&#8221;#ffffff&#8221; header_font_size=&#8221;14px&#8221; link_option_url=&#8221;tel:+390165842835&#8243; custom_css_blurb_title=&#8221;margin-top: -20px;&#8221;][\/et_pb_blurb][et_pb_blurb title=&#8221;Email&#8221; use_icon=&#8221;on&#8221; font_icon=&#8221;%%109%%&#8221; icon_color=&#8221;#ffffff&#8221; use_icon_font_size=&#8221;on&#8221; icon_font_size=&#8221;25px&#8221; _builder_version=&#8221;4.9.2&#8243; _module_preset=&#8221;default&#8221; header_level=&#8221;h5&#8243; header_font=&#8221;|300||on|||||&#8221; header_text_align=&#8221;center&#8221; header_text_color=&#8221;#ffffff&#8221; header_font_size=&#8221;14px&#8221; link_option_url=&#8221;mailto:info@hotelberthod.com&#8221; custom_css_blurb_title=&#8221;margin-top: -20px;&#8221;][\/et_pb_blurb][et_pb_blurb title=&#8221;R\u00e9server&#8221; use_icon=&#8221;on&#8221; font_icon=&#8221;%%128%%&#8221; icon_color=&#8221;#ffffff&#8221; use_icon_font_size=&#8221;on&#8221; icon_font_size=&#8221;25px&#8221; _builder_version=&#8221;4.9.2&#8243; _module_preset=&#8221;default&#8221; header_level=&#8221;h5&#8243; header_font=&#8221;|300||on|||||&#8221; header_text_align=&#8221;center&#8221; header_text_color=&#8221;#ffffff&#8221; header_font_size=&#8221;14px&#8221; link_option_url=&#8221;https:\/\/booking.bedzzle.com\/desktop\/?apikey=cdb89fb7dc3cee99080b71b124029e74&amp;lang=fr&#8221; link_option_url_new_window=&#8221;on&#8221; custom_css_blurb_title=&#8221;margin-top: -20px;&#8221;][\/et_pb_blurb][\/et_pb_column][\/et_pb_row][\/et_pb_section]<\/p>\n","protected":false},"excerpt":{"rendered":"<p>Congr\u00e8sSalle avec 60 places La prenotazione diretta tramite questo sito vi assicura il prezzo migliore: vengono infatti annullati tutti gli eventuali costi di intermediazione dei portali online. Cliccando &#8216;prenota&#8217; sar\u00e0 facile e immediato scoprire la disponibilit\u00e0 di stanze e ricevere una risposta in tempi davvero rapidi. Prenotando direttamente il referente sar\u00e0 sempre e soltanto lo [&hellip;]<\/p>\n","protected":false},"author":1,"featured_media":0,"parent":0,"menu_order":0,"comment_status":"closed","ping_status":"closed","template":"","meta":{"_et_pb_use_builder":"on","_et_pb_old_content":"","_et_gb_content_width":"","footnotes":""},"yoast_head":"<!-- This site is optimized with the Yoast SEO plugin v23.5 - https:\/\/yoast.com\/wordpress\/plugins\/seo\/ -->\n<title>Congr\u00e8s: une salle avec 60 places<\/title>\n<meta name=\"description\" content=\"L\u2019H\u00f4tel Berthod a Courmayeur, aux pieds du Mont Blanc, est le lieu id\u00e9al pour organiser des conf\u00e9rences, team building ...\" \/>\n<meta name=\"robots\" content=\"index, follow, max-snippet:-1, max-image-preview:large, max-video-preview:-1\" \/>\n<link rel=\"canonical\" href=\"https:\/\/www.hotelberthod.com\/congressi\/\" \/>\n<meta property=\"og:locale\" content=\"fr_FR\" \/>\n<meta property=\"og:type\" content=\"article\" \/>\n<meta property=\"og:title\" content=\"Congr\u00e8s: une salle avec 60 places\" \/>\n<meta property=\"og:description\" content=\"L\u2019H\u00f4tel Berthod a Courmayeur, aux pieds du Mont Blanc, est le lieu id\u00e9al pour organiser des conf\u00e9rences, team building ...\" \/>\n<meta property=\"og:url\" content=\"https:\/\/www.hotelberthod.com\/congressi\/\" \/>\n<meta property=\"og:site_name\" content=\"Hotel Berthod\" \/>\n<meta property=\"article:modified_time\" content=\"2021-05-21T12:15:36+00:00\" \/>\n<meta name=\"twitter:card\" content=\"summary_large_image\" \/>\n<meta name=\"twitter:label1\" content=\"Dur\u00e9e de lecture estim\u00e9e\" \/>\n\t<meta name=\"twitter:data1\" content=\"10 minutes\" \/>\n<script type=\"application\/ld+json\" class=\"yoast-schema-graph\">{\"@context\":\"https:\/\/schema.org\",\"@graph\":[{\"@type\":\"WebPage\",\"@id\":\"https:\/\/www.hotelberthod.com\/congressi\/\",\"url\":\"https:\/\/www.hotelberthod.com\/congressi\/\",\"name\":\"Congr\u00e8s: une salle avec 60 places\",\"isPartOf\":{\"@id\":\"\/#website\"},\"datePublished\":\"2021-03-26T09:43:33+00:00\",\"dateModified\":\"2021-05-21T12:15:36+00:00\",\"description\":\"L\u2019H\u00f4tel Berthod a Courmayeur, aux pieds du Mont Blanc, est le lieu id\u00e9al pour organiser des conf\u00e9rences, team building ...\",\"breadcrumb\":{\"@id\":\"https:\/\/www.hotelberthod.com\/congressi\/#breadcrumb\"},\"inLanguage\":\"fr-FR\",\"potentialAction\":[{\"@type\":\"ReadAction\",\"target\":[\"https:\/\/www.hotelberthod.com\/congressi\/\"]}]},{\"@type\":\"BreadcrumbList\",\"@id\":\"https:\/\/www.hotelberthod.com\/congressi\/#breadcrumb\",\"itemListElement\":[{\"@type\":\"ListItem\",\"position\":1,\"name\":\"Home\",\"item\":\"https:\/\/www.hotelberthod.com\/fr\/\"},{\"@type\":\"ListItem\",\"position\":2,\"name\":\"Congr\u00e8s\"}]},{\"@type\":\"WebSite\",\"@id\":\"\/#website\",\"url\":\"\/\",\"name\":\"Hotel Berthod\",\"description\":\"Courmayeur\",\"potentialAction\":[{\"@type\":\"SearchAction\",\"target\":{\"@type\":\"EntryPoint\",\"urlTemplate\":\"\/?s={search_term_string}\"},\"query-input\":{\"@type\":\"PropertyValueSpecification\",\"valueRequired\":true,\"valueName\":\"search_term_string\"}}],\"inLanguage\":\"fr-FR\"}]}<\/script>\n<!-- \/ Yoast SEO plugin. -->","yoast_head_json":{"title":"Congr\u00e8s: une salle avec 60 places","description":"L\u2019H\u00f4tel Berthod a Courmayeur, aux pieds du Mont Blanc, est le lieu id\u00e9al pour organiser des conf\u00e9rences, team building ...","robots":{"index":"index","follow":"follow","max-snippet":"max-snippet:-1","max-image-preview":"max-image-preview:large","max-video-preview":"max-video-preview:-1"},"canonical":"https:\/\/www.hotelberthod.com\/congressi\/","og_locale":"fr_FR","og_type":"article","og_title":"Congr\u00e8s: une salle avec 60 places","og_description":"L\u2019H\u00f4tel Berthod a Courmayeur, aux pieds du Mont Blanc, est le lieu id\u00e9al pour organiser des conf\u00e9rences, team building ...","og_url":"https:\/\/www.hotelberthod.com\/congressi\/","og_site_name":"Hotel Berthod","article_modified_time":"2021-05-21T12:15:36+00:00","twitter_card":"summary_large_image","twitter_misc":{"Dur\u00e9e de lecture estim\u00e9e":"10 minutes"},"schema":{"@context":"https:\/\/schema.org","@graph":[{"@type":"WebPage","@id":"https:\/\/www.hotelberthod.com\/congressi\/","url":"https:\/\/www.hotelberthod.com\/congressi\/","name":"Congr\u00e8s: une salle avec 60 places","isPartOf":{"@id":"\/#website"},"datePublished":"2021-03-26T09:43:33+00:00","dateModified":"2021-05-21T12:15:36+00:00","description":"L\u2019H\u00f4tel Berthod a Courmayeur, aux pieds du Mont Blanc, est le lieu id\u00e9al pour organiser des conf\u00e9rences, team building ...","breadcrumb":{"@id":"https:\/\/www.hotelberthod.com\/congressi\/#breadcrumb"},"inLanguage":"fr-FR","potentialAction":[{"@type":"ReadAction","target":["https:\/\/www.hotelberthod.com\/congressi\/"]}]},{"@type":"BreadcrumbList","@id":"https:\/\/www.hotelberthod.com\/congressi\/#breadcrumb","itemListElement":[{"@type":"ListItem","position":1,"name":"Home","item":"https:\/\/www.hotelberthod.com\/fr\/"},{"@type":"ListItem","position":2,"name":"Congr\u00e8s"}]},{"@type":"WebSite","@id":"\/#website","url":"\/","name":"Hotel Berthod","description":"Courmayeur","potentialAction":[{"@type":"SearchAction","target":{"@type":"EntryPoint","urlTemplate":"\/?s={search_term_string}"},"query-input":{"@type":"PropertyValueSpecification","valueRequired":true,"valueName":"search_term_string"}}],"inLanguage":"fr-FR"}]}},"_links":{"self":[{"href":"https:\/\/www.hotelberthod.com\/fr\/wp-json\/wp\/v2\/pages\/2720"}],"collection":[{"href":"https:\/\/www.hotelberthod.com\/fr\/wp-json\/wp\/v2\/pages"}],"about":[{"href":"https:\/\/www.hotelberthod.com\/fr\/wp-json\/wp\/v2\/types\/page"}],"author":[{"embeddable":true,"href":"https:\/\/www.hotelberthod.com\/fr\/wp-json\/wp\/v2\/users\/1"}],"replies":[{"embeddable":true,"href":"https:\/\/www.hotelberthod.com\/fr\/wp-json\/wp\/v2\/comments?post=2720"}],"version-history":[{"count":8,"href":"https:\/\/www.hotelberthod.com\/fr\/wp-json\/wp\/v2\/pages\/2720\/revisions"}],"predecessor-version":[{"id":2957,"href":"https:\/\/www.hotelberthod.com\/fr\/wp-json\/wp\/v2\/pages\/2720\/revisions\/2957"}],"wp:attachment":[{"href":"https:\/\/www.hotelberthod.com\/fr\/wp-json\/wp\/v2\/media?parent=2720"}],"curies":[{"name":"wp","href":"https:\/\/api.w.org\/{rel}","templated":true}]}}