{"id":2759,"date":"2021-03-26T12:01:53","date_gmt":"2021-03-26T11:01:53","guid":{"rendered":"https:\/\/www.hotelberthod.com\/tipologie\/"},"modified":"2021-05-21T14:16:25","modified_gmt":"2021-05-21T12:16:25","slug":"tipologie","status":"publish","type":"page","link":"https:\/\/www.hotelberthod.com\/fr\/tipologie\/","title":{"rendered":"Tipologie"},"content":{"rendered":"<p>[et_pb_section fb_built=&#8221;1&#8243; _builder_version=&#8221;4.7.7&#8243; _module_preset=&#8221;default&#8221; background_color=&#8221;#bc515d&#8221; custom_padding=&#8221;0px||0px||true|&#8221; global_module=&#8221;1125&#8243; saved_tabs=&#8221;all&#8221;][et_pb_row _builder_version=&#8221;4.7.7&#8243; _module_preset=&#8221;default&#8221; custom_padding=&#8221;15px||15px||true|false&#8221;][et_pb_column type=&#8221;4_4&#8243; _builder_version=&#8221;4.7.7&#8243; _module_preset=&#8221;default&#8221; background_color=&#8221;#bc515d&#8221;][et_pb_menu menu_id=&#8221;12&#8243; menu_style=&#8221;centered&#8221; active_link_color=&#8221;#000000&#8243; dropdown_menu_bg_color=&#8221;#843e3b&#8221; dropdown_menu_line_color=&#8221;#843e3b&#8221; dropdown_menu_text_color=&#8221;#ffffff&#8221; dropdown_menu_active_link_color=&#8221;#000000&#8243; mobile_menu_bg_color=&#8221;#843e3b&#8221; mobile_menu_text_color=&#8221;#ffffff&#8221; cart_icon_color=&#8221;#ffffff&#8221; search_icon_color=&#8221;#ffffff&#8221; menu_icon_color=&#8221;#ffffff&#8221; _builder_version=&#8221;4.7.7&#8243; _module_preset=&#8221;default&#8221; menu_font=&#8221;|||on|||||&#8221; menu_text_color=&#8221;#ffffff&#8221; menu_font_size=&#8221;15px&#8221; background_enable_color=&#8221;off&#8221;][\/et_pb_menu][\/et_pb_column][\/et_pb_row][\/et_pb_section][et_pb_section fb_built=&#8221;1&#8243; custom_padding_last_edited=&#8221;on|tablet&#8221; _builder_version=&#8221;4.8.1&#8243; _module_preset=&#8221;default&#8221; background_image=&#8221;https:\/\/www.hotelberthod.com\/wp-content\/uploads\/2021\/01\/enclos-de-moro-berthod-12.jpeg&#8221; parallax=&#8221;on&#8221; parallax_method=&#8221;off&#8221; transform_translate_linked=&#8221;off&#8221; custom_padding=&#8221;250px||250px||true|&#8221; custom_padding_tablet=&#8221;0px||0px||true|false&#8221; custom_padding_phone=&#8221;&#8221; background_color_tablet=&#8221;#bc515d&#8221; background_last_edited=&#8221;on|tablet&#8221; background_enable_color_tablet=&#8221;on&#8221; background_enable_image_tablet=&#8221;off&#8221; locked=&#8221;off&#8221;][et_pb_row use_custom_gutter=&#8221;on&#8221; gutter_width=&#8221;1&#8243; disabled_on=&#8221;off|off|on&#8221; _builder_version=&#8221;4.8.1&#8243; _module_preset=&#8221;default&#8221; width=&#8221;100%&#8221; max_width=&#8221;2560px&#8221; custom_padding=&#8221;0px||0px||true|&#8221; locked=&#8221;off&#8221;][et_pb_column type=&#8221;4_4&#8243; _builder_version=&#8221;4.8.1&#8243; _module_preset=&#8221;default&#8221; background_enable_color=&#8221;off&#8221; background_image=&#8221;https:\/\/www.hotelberthod.com\/wp-content\/uploads\/2021\/01\/enclos-de-moro-berthod-12.jpeg&#8221; custom_padding=&#8221;150px||150px||true|true&#8221; custom_padding_tablet=&#8221;&#8221; custom_padding_phone=&#8221;120px||120px||true|true&#8221; custom_padding_last_edited=&#8221;on|phone&#8221;][et_pb_divider show_divider=&#8221;off&#8221; _builder_version=&#8221;4.8.1&#8243; _module_preset=&#8221;default&#8221;][\/et_pb_divider][\/et_pb_column][\/et_pb_row][et_pb_row column_structure=&#8221;1_3,2_3&#8243; use_custom_gutter=&#8221;on&#8221; gutter_width=&#8221;1&#8243; _builder_version=&#8221;4.8.1&#8243; _module_preset=&#8221;default&#8221; width=&#8221;100%&#8221; max_width=&#8221;2560px&#8221; custom_padding=&#8221;0px||0px||true|&#8221; locked=&#8221;off&#8221;][et_pb_column type=&#8221;1_3&#8243; _builder_version=&#8221;4.8.1&#8243; _module_preset=&#8221;default&#8221; background_color=&#8221;rgba(255,255,255,0.85)&#8221; custom_padding=&#8221;50px|50px|50px|50px|true|true&#8221; background_last_edited=&#8221;on|tablet&#8221;][et_pb_text admin_label=&#8221;Le tipologie di appartamento&#8221; _builder_version=&#8221;4.7.7&#8243; _module_preset=&#8221;default&#8221;]<\/p>\n<h1>Le tipologie di appartamento<\/h1>\n<p>[\/et_pb_text][et_pb_text _builder_version=&#8221;4.7.7&#8243; _module_preset=&#8221;default&#8221; custom_margin=&#8221;||50px||false|false&#8221;]<\/p>\n<h2>Bilocali, trilocali &#8230;<\/h2>\n<p>[\/et_pb_text][et_pb_button button_url=&#8221;https:\/\/booking.bedzzle.com\/desktop\/?apikey=cdb89fb7dc3cee99080b71b124029e74&amp;lang=fr&#8221; url_new_window=&#8221;on&#8221; button_text=&#8221;R\u00e9server&#8221; button_alignment=&#8221;left&#8221; module_id=&#8221;bottone-appartamenti2&#8243; module_class=&#8221;bottone-appartamenti2&#8243; _builder_version=&#8221;4.7.7&#8243; _module_preset=&#8221;default&#8221; custom_margin=&#8221;||10px||false|false&#8221; global_module=&#8221;1116&#8243; saved_tabs=&#8221;all&#8221; button_bg_color__hover_enabled=&#8221;on|hover&#8221; button_bg_color__hover=&#8221;&#8221; button_bg_enable_color__hover=&#8221;off&#8221; button_text_color__hover_enabled=&#8221;on|hover&#8221; button_text_color__hover=&#8221;#843e3b&#8221; button_border_color__hover_enabled=&#8221;on|desktop&#8221; button_border_color__hover=&#8221;#843e3b&#8221;][\/et_pb_button][et_pb_button button_url=&#8221;https:\/\/www.hotelberthod.com\/fr\/cadeau\/&#8221; button_text=&#8221;offre&#8221; button_alignment=&#8221;left&#8221; module_id=&#8221;bottone-appartamenti2&#8243; module_class=&#8221;bottone-appartamenti2&#8243; _builder_version=&#8221;4.7.7&#8243; _module_preset=&#8221;default&#8221; custom_margin=&#8221;||10px||false|false&#8221; global_module=&#8221;1397&#8243; saved_tabs=&#8221;all&#8221; button_bg_color__hover_enabled=&#8221;on|hover&#8221; button_bg_color__hover=&#8221;&#8221; button_bg_enable_color__hover=&#8221;off&#8221; button_text_color__hover_enabled=&#8221;on|hover&#8221; button_text_color__hover=&#8221;#843e3b&#8221; button_border_color__hover_enabled=&#8221;on|desktop&#8221; button_border_color__hover=&#8221;#843e3b&#8221;][\/et_pb_button][et_pb_toggle title=&#8221;Pourquoi r\u00e9server directement&#8221; _builder_version=&#8221;4.7.7&#8243; _module_preset=&#8221;default&#8221; title_level=&#8221;h4&#8243; title_font=&#8221;|||on|||||&#8221; custom_margin=&#8221;||||false|false&#8221; global_module=&#8221;1300&#8243; saved_tabs=&#8221;all&#8221;]<\/p>\n<ul>\n<li style=\"text-align: left;\">La prenotazione diretta tramite questo sito vi assicura il prezzo migliore: vengono infatti annullati tutti gli eventuali costi di intermediazione dei portali online.<\/li>\n<li style=\"text-align: left;\">Cliccando &#8216;prenota&#8217; sar\u00e0 facile e immediato scoprire la disponibilit\u00e0 di stanze e ricevere una risposta in tempi davvero rapidi.<\/li>\n<li style=\"text-align: left;\">Prenotando direttamente il referente sar\u00e0 sempre e soltanto lo staff dell\u2019Hotel Berthod. Le stesse persone che gli ospiti conosceranno poi durante il soggiorno, alle quali fare presente qualsiasi esigenza particolare.<\/li>\n<li style=\"text-align: left;\">La modifica o cancellazione della prenotazione saranno facilitati.<\/li>\n<li style=\"text-align: left;\">Offerte speciali ed esclusive visibili solo sul nostro sito<\/li>\n<li style=\"text-align: left;\">Check-in online alcuni giorni prima dell&#8217;arrivo;<\/li>\n<li style=\"text-align: left;\">Condizioni di cancellazione e modifica sono migliori e maggiore \u00e8 la flessibilit\u00e0 rispetto ai portali online<\/li>\n<\/ul>\n<p>[\/et_pb_toggle][\/et_pb_column][et_pb_column type=&#8221;2_3&#8243; _builder_version=&#8221;4.8.1&#8243; _module_preset=&#8221;default&#8221; background_enable_color=&#8221;off&#8221; custom_padding=&#8221;0px|0px|0px|0px|true|true&#8221;][\/et_pb_column][\/et_pb_row][\/et_pb_section][et_pb_section fb_built=&#8221;1&#8243; _builder_version=&#8221;4.6.6&#8243; _module_preset=&#8221;default&#8221; custom_padding=&#8221;90px||90px||true|&#8221;][et_pb_row column_structure=&#8221;1_4,3_4&#8243; make_equal=&#8221;on&#8221; _builder_version=&#8221;4.9.2&#8243; _module_preset=&#8221;default&#8221; custom_padding=&#8221;0px||0px||true|&#8221;][et_pb_column type=&#8221;1_4&#8243; _builder_version=&#8221;4.9.2&#8243; _module_preset=&#8221;default&#8221; custom_padding=&#8221;35px|35px|35px|35px|true|true&#8221; hover_enabled=&#8221;0&#8243; border_width_right=&#8221;1px&#8221; module_id=&#8221;coli1&#8243; module_class=&#8221;coli1&#8243; sticky_enabled=&#8221;0&#8243;][et_pb_image src=&#8221;http:\/\/hotelberthod.com\/wp-content\/uploads\/2020\/11\/em-favicon.png&#8221; title_text=&#8221;Em Favicon&#8221; align=&#8221;right&#8221; align_tablet=&#8221;right&#8221; align_phone=&#8221;&#8221; align_last_edited=&#8221;on|tablet&#8221; _builder_version=&#8221;4.7.7&#8243; _module_preset=&#8221;default&#8221; max_width=&#8221;70px&#8221; module_alignment=&#8221;right&#8221; custom_margin=&#8221;||||false|false&#8221; animation_style=&#8221;slide&#8221; animation_direction=&#8221;left&#8221; module_alignment_tablet=&#8221;right&#8221; module_alignment_phone=&#8221;right&#8221; module_alignment_last_edited=&#8221;on|desktop&#8221; locked=&#8221;on&#8221;][\/et_pb_image][et_pb_text _builder_version=&#8221;4.6.6&#8243; _module_preset=&#8221;default&#8221; header_2_text_color=&#8221;#488ea8&#8243; custom_margin=&#8221;50px||10px||false|false&#8221; locked=&#8221;on&#8221;]<\/p>\n<h3 style=\"text-align: right;\">Seguici sui<br \/>social media<\/h3>\n<p>[\/et_pb_text][et_pb_social_media_follow _builder_version=&#8221;4.6.6&#8243; _module_preset=&#8221;default&#8221; text_orientation=&#8221;right&#8221; module_alignment=&#8221;right&#8221; global_module=&#8221;1118&#8243; saved_tabs=&#8221;all&#8221;][et_pb_social_media_follow_network social_network=&#8221;facebook&#8221; _builder_version=&#8221;4.6.6&#8243; _module_preset=&#8221;default&#8221; background_color=&#8221;#222222&#8243; background_enable_color=&#8221;on&#8221; border_radii=&#8221;on|0px|0px|0px|0px&#8221; background__hover_enabled=&#8221;on|hover&#8221; background_color__hover=&#8221;#666666&#8243; background_enable_color__hover=&#8221;on&#8221; follow_button=&#8221;off&#8221; url_new_window=&#8221;on&#8221;]facebook[\/et_pb_social_media_follow_network][et_pb_social_media_follow_network social_network=&#8221;instagram&#8221; _builder_version=&#8221;4.6.6&#8243; _module_preset=&#8221;default&#8221; background_color=&#8221;#222222&#8243; background_enable_color=&#8221;on&#8221; border_radii=&#8221;on|0px|0px|0px|0px&#8221; background__hover_enabled=&#8221;on|hover&#8221; background_color__hover=&#8221;#666666&#8243; background_enable_color__hover=&#8221;on&#8221; follow_button=&#8221;off&#8221; url_new_window=&#8221;on&#8221;]instagram[\/et_pb_social_media_follow_network][et_pb_social_media_follow_network social_network=&#8221;twitter&#8221; _builder_version=&#8221;4.6.6&#8243; _module_preset=&#8221;default&#8221; background_color=&#8221;#222222&#8243; background_enable_color=&#8221;on&#8221; border_radii=&#8221;on|0px|0px|0px|0px&#8221; background__hover_enabled=&#8221;on|hover&#8221; background_color__hover=&#8221;#666666&#8243; background_enable_color__hover=&#8221;on&#8221; follow_button=&#8221;off&#8221; url_new_window=&#8221;on&#8221;]twitter[\/et_pb_social_media_follow_network][\/et_pb_social_media_follow][\/et_pb_column][et_pb_column type=&#8221;3_4&#8243; _builder_version=&#8221;4.6.6&#8243; _module_preset=&#8221;default&#8221; custom_padding=&#8221;35px||35px||true|false&#8221;][et_pb_text admin_label=&#8221;ZONE GIORNO PER IL VOSTRO COMFORT&#8221; _builder_version=&#8221;4.7.7&#8243; _module_preset=&#8221;default&#8221; custom_margin=&#8221;||0px||false|false&#8221;]<\/p>\n<h2>ZONE GIORNO PER IL VOSTRO COMFORT<\/h2>\n<p>[\/et_pb_text][et_pb_text _builder_version=&#8221;4.7.7&#8243; _module_preset=&#8221;default&#8221; custom_margin=&#8221;||25px||false|false&#8221;]<\/p>\n<h3 style=\"text-align: left;\">Relax e armonia tra le montagne<\/h3>\n<p>[\/et_pb_text][et_pb_text _builder_version=&#8221;4.7.7&#8243; _module_preset=&#8221;default&#8221; max_width=&#8221;600px&#8221; module_alignment=&#8221;left&#8221; custom_margin=&#8221;||||false|false&#8221;]<\/p>\n<h3>Appartamento bilocale<\/h3>\n<p>L\u2019appartamento bilocale dispone di una camera da letto (doppia) + zona giorno con angolo cottura e divano letto. Il bagno con doccia. Dispongono di balconcino o terrazzo.<\/p>\n<h3>Appartamento bilocale con terrazzo<\/h3>\n<p>Dispone di una camera da letto (matrimoniale) + zona giorno con angolo cottura e divano letto. Il bagno con doccia. Dispone di ampio balcone e terrazzo panoramici.<\/p>\n<h3>Appartamento trilocale con terrazzo<\/h3>\n<p>Questo appartamento ha due ampie camere da letto (una matrimoniale e una a due letti) e zona giorno con angolo cottura. Il bagno \u00e8 con doccia. Ha un ampio terrazzo e balconcino panoramici.<\/p>\n<h3>Appartamento trilocale al pian terreno<\/h3>\n<p>Questo appartamento ha due camere da letto (una matrimoniale e una a due letti) e zona giorno con angolo cottura. Il bagno ha un\u2019anticamera e una spaziosa doccia. Ha l\u2019ingresso autonomo e un piccolo angolo di verde. Ideale per famiglie con un cagnolino.<\/p>\n<h3>Appartamenti su due livelli<\/h3>\n<p>Questi appartamenti sono disposti su due livelli garantendo molta comodit\u00e0. Al piano inferiore, oltre all\u2019angolo cottura vi \u00e8 una camera da letto doppia (o matrimoniale) e un bagno con doccia. Al livello superiore vi \u00e8 la seconda camera con due letti singoli e un bagno con vasca idromassaggio. Dispongono di terrazzo o balconcino.<\/p>\n<p>[\/et_pb_text][et_pb_blurb title=&#8221;R\u00c9SERVER&#8221; use_icon=&#8221;on&#8221; font_icon=&#8221;%%128%%&#8221; icon_color=&#8221;#ffffff&#8221; use_icon_font_size=&#8221;on&#8221; icon_font_size=&#8221;35px&#8221; disabled_on=&#8221;on|on|off&#8221; _builder_version=&#8221;4.7.7&#8243; _module_preset=&#8221;default&#8221; header_level=&#8221;h3&#8243; header_text_align=&#8221;center&#8221; header_text_color=&#8221;#ffffff&#8221; background_color=&#8221;#222222&#8243; positioning=&#8221;fixed&#8221; position_origin_a=&#8221;bottom_right&#8221; position_origin_f=&#8221;bottom_right&#8221; z_index=&#8221;999999&#8243; width=&#8221;150px&#8221; custom_padding=&#8221;20px|20px|20px|20px|true|true&#8221; link_option_url=&#8221;https:\/\/booking.bedzzle.com\/desktop\/?apikey=cdb89fb7dc3cee99080b71b124029e74&amp;lang=fr&#8221; link_option_url_new_window=&#8221;on&#8221; border_radii=&#8221;off|30px|||&#8221; box_shadow_style=&#8221;preset1&#8243; box_shadow_blur=&#8221;10px&#8221; box_shadow_color=&#8221;rgba(0,0,0,0.09)&#8221; global_module=&#8221;867&#8243; background__hover_enabled=&#8221;on|hover&#8221; background_color__hover=&#8221;#333333&#8243; background_enable_color__hover=&#8221;on&#8221;][\/et_pb_blurb][\/et_pb_column][\/et_pb_row][et_pb_row use_custom_gutter=&#8221;on&#8221; gutter_width=&#8221;2&#8243; _builder_version=&#8221;4.7.4&#8243; _module_preset=&#8221;default&#8221; custom_padding=&#8221;60px||0px|||&#8221; locked=&#8221;off&#8221;][et_pb_column type=&#8221;4_4&#8243; _builder_version=&#8221;4.7.4&#8243; _module_preset=&#8221;default&#8221;][et_pb_gallery gallery_ids=&#8221;2363,2365,2359,2353,2355,2357,2345,2347,2349,2351,2343,2341&#8243; posts_number=&#8221;12&#8243; dbdb_version=&#8221;3.4.9&#8243; show_title_and_caption=&#8221;off&#8221; show_pagination=&#8221;off&#8221; _builder_version=&#8221;4.7.7&#8243; _module_preset=&#8221;default&#8221;][\/et_pb_gallery][et_pb_blurb title=&#8221;R\u00c9SERVER&#8221; use_icon=&#8221;on&#8221; font_icon=&#8221;%%128%%&#8221; icon_color=&#8221;#ffffff&#8221; use_icon_font_size=&#8221;on&#8221; icon_font_size=&#8221;35px&#8221; disabled_on=&#8221;on|on|off&#8221; _builder_version=&#8221;4.7.7&#8243; _module_preset=&#8221;default&#8221; header_level=&#8221;h3&#8243; header_text_align=&#8221;center&#8221; header_text_color=&#8221;#ffffff&#8221; background_color=&#8221;#222222&#8243; positioning=&#8221;fixed&#8221; position_origin_a=&#8221;bottom_right&#8221; position_origin_f=&#8221;bottom_right&#8221; z_index=&#8221;999999&#8243; width=&#8221;150px&#8221; custom_padding=&#8221;20px|20px|20px|20px|true|true&#8221; link_option_url=&#8221;https:\/\/booking.bedzzle.com\/desktop\/?apikey=cdb89fb7dc3cee99080b71b124029e74&amp;lang=fr&#8221; link_option_url_new_window=&#8221;on&#8221; border_radii=&#8221;off|30px|||&#8221; box_shadow_style=&#8221;preset1&#8243; box_shadow_blur=&#8221;10px&#8221; box_shadow_color=&#8221;rgba(0,0,0,0.09)&#8221; global_module=&#8221;867&#8243; background__hover_enabled=&#8221;on|hover&#8221; background_color__hover=&#8221;#333333&#8243; background_enable_color__hover=&#8221;on&#8221;][\/et_pb_blurb][\/et_pb_column][\/et_pb_row][\/et_pb_section][et_pb_section fb_built=&#8221;1&#8243; disabled_on=&#8221;off|off|on&#8221; _builder_version=&#8221;4.7.7&#8243; _module_preset=&#8221;default&#8221; background_color=&#8221;#bc515d&#8221; positioning=&#8221;fixed&#8221; position_origin_f=&#8221;bottom_center&#8221; z_index=&#8221;999999&#8243; custom_margin=&#8221;||||false|false&#8221; custom_padding=&#8221;20px||5px||false|false&#8221; global_module=&#8221;1746&#8243;][et_pb_row use_custom_gutter=&#8221;on&#8221; gutter_width=&#8221;1&#8243; module_class=&#8221;six-columns&#8221; _builder_version=&#8221;4.7.7&#8243; _module_preset=&#8221;default&#8221; width=&#8221;90%&#8221; max_width=&#8221;2560px&#8221; custom_margin=&#8221;0px||0px||true|false&#8221; custom_padding=&#8221;0px||0px||true|&#8221;][et_pb_column type=&#8221;4_4&#8243; _builder_version=&#8221;4.7.7&#8243; _module_preset=&#8221;default&#8221; custom_padding=&#8221;0px||0px||true|false&#8221;][et_pb_blurb title=&#8221;Carte&#8221; use_icon=&#8221;on&#8221; font_icon=&#8221;%%122%%&#8221; icon_color=&#8221;#ffffff&#8221; use_icon_font_size=&#8221;on&#8221; icon_font_size=&#8221;25px&#8221; _builder_version=&#8221;4.7.7&#8243; _module_preset=&#8221;default&#8221; header_level=&#8221;h5&#8243; header_font=&#8221;|300||on|||||&#8221; header_text_align=&#8221;center&#8221; header_text_color=&#8221;#ffffff&#8221; header_font_size=&#8221;14px&#8221; link_option_url=&#8221;https:\/\/www.google.it\/maps\/dir\/\/Hotel+Berthod,+Via+Mario+Puchoz,+11,+11013+Courmayeur+AO\/@45.7901419,6.9704426,17z\/data=!4m8!4m7!1m0!1m5!1m1!1s0x4789476915dcaad9:0xec8bfbf424de4df3!2m2!1d6.9726366!2d45.7901382&#8243; link_option_url_new_window=&#8221;on&#8221; custom_css_blurb_title=&#8221;margin-top: -20px;&#8221;][\/et_pb_blurb][et_pb_blurb title=&#8221;T\u00e9l&#8221; use_icon=&#8221;on&#8221; font_icon=&#8221;%%104%%&#8221; icon_color=&#8221;#ffffff&#8221; use_icon_font_size=&#8221;on&#8221; icon_font_size=&#8221;25px&#8221; _builder_version=&#8221;4.7.7&#8243; _module_preset=&#8221;default&#8221; header_level=&#8221;h5&#8243; header_font=&#8221;|300||on|||||&#8221; header_text_align=&#8221;center&#8221; header_text_color=&#8221;#ffffff&#8221; header_font_size=&#8221;14px&#8221; link_option_url=&#8221;tel:+390165842835&#8243; custom_css_blurb_title=&#8221;margin-top: -20px;&#8221;][\/et_pb_blurb][et_pb_blurb title=&#8221;Email&#8221; use_icon=&#8221;on&#8221; font_icon=&#8221;%%109%%&#8221; icon_color=&#8221;#ffffff&#8221; use_icon_font_size=&#8221;on&#8221; icon_font_size=&#8221;25px&#8221; _builder_version=&#8221;4.7.7&#8243; _module_preset=&#8221;default&#8221; header_level=&#8221;h5&#8243; header_font=&#8221;|300||on|||||&#8221; header_text_align=&#8221;center&#8221; header_text_color=&#8221;#ffffff&#8221; header_font_size=&#8221;14px&#8221; link_option_url=&#8221;mailto:info@hotelberthod.com&#8221; custom_css_blurb_title=&#8221;margin-top: -20px;&#8221;][\/et_pb_blurb][et_pb_blurb title=&#8221;R\u00e9server&#8221; use_icon=&#8221;on&#8221; font_icon=&#8221;%%128%%&#8221; icon_color=&#8221;#ffffff&#8221; use_icon_font_size=&#8221;on&#8221; icon_font_size=&#8221;25px&#8221; _builder_version=&#8221;4.7.7&#8243; _module_preset=&#8221;default&#8221; header_level=&#8221;h5&#8243; header_font=&#8221;|300||on|||||&#8221; header_text_align=&#8221;center&#8221; header_text_color=&#8221;#ffffff&#8221; header_font_size=&#8221;14px&#8221; link_option_url=&#8221;https:\/\/booking.bedzzle.com\/desktop\/?apikey=cdb89fb7dc3cee99080b71b124029e74&amp;lang=fr&#8221; link_option_url_new_window=&#8221;on&#8221; custom_css_blurb_title=&#8221;margin-top: -20px;&#8221;][\/et_pb_blurb][\/et_pb_column][\/et_pb_row][\/et_pb_section]<\/p>\n","protected":false},"excerpt":{"rendered":"<p>Le tipologie di appartamentoBilocali, trilocali &#8230; La prenotazione diretta tramite questo sito vi assicura il prezzo migliore: vengono infatti annullati tutti gli eventuali costi di intermediazione dei portali online. Cliccando &#8216;prenota&#8217; sar\u00e0 facile e immediato scoprire la disponibilit\u00e0 di stanze e ricevere una risposta in tempi davvero rapidi. Prenotando direttamente il referente sar\u00e0 sempre e [&hellip;]<\/p>\n","protected":false},"author":1,"featured_media":0,"parent":0,"menu_order":0,"comment_status":"closed","ping_status":"closed","template":"","meta":{"_et_pb_use_builder":"on","_et_pb_old_content":"","_et_gb_content_width":"","footnotes":""},"yoast_head":"<!-- This site is optimized with the Yoast SEO plugin v23.5 - https:\/\/yoast.com\/wordpress\/plugins\/seo\/ -->\n<title>Le tipologie degli appartamenti Enclos de Moro ai piedi del Monte Bianco<\/title>\n<meta name=\"robots\" content=\"index, follow, max-snippet:-1, max-image-preview:large, max-video-preview:-1\" \/>\n<link rel=\"canonical\" href=\"https:\/\/www.hotelberthod.com\/tipologie\/\" \/>\n<meta property=\"og:locale\" content=\"fr_FR\" \/>\n<meta property=\"og:type\" content=\"article\" \/>\n<meta property=\"og:title\" content=\"Le tipologie degli appartamenti Enclos de Moro ai piedi del Monte Bianco\" \/>\n<meta property=\"og:description\" content=\"Le tipologie di appartamentoBilocali, trilocali ... La prenotazione diretta tramite questo sito vi assicura il prezzo migliore: vengono infatti annullati tutti gli eventuali costi di intermediazione dei portali online. Cliccando &#039;prenota&#039; sar\u00e0 facile e immediato scoprire la disponibilit\u00e0 di stanze e ricevere una risposta in tempi davvero rapidi. Prenotando direttamente il referente sar\u00e0 sempre e [&hellip;]\" \/>\n<meta property=\"og:url\" content=\"https:\/\/www.hotelberthod.com\/tipologie\/\" \/>\n<meta property=\"og:site_name\" content=\"Hotel Berthod\" \/>\n<meta property=\"article:modified_time\" content=\"2021-05-21T12:16:25+00:00\" \/>\n<meta name=\"twitter:card\" content=\"summary_large_image\" \/>\n<meta name=\"twitter:label1\" content=\"Dur\u00e9e de lecture estim\u00e9e\" \/>\n\t<meta name=\"twitter:data1\" content=\"11 minutes\" \/>\n<script type=\"application\/ld+json\" class=\"yoast-schema-graph\">{\"@context\":\"https:\/\/schema.org\",\"@graph\":[{\"@type\":\"WebPage\",\"@id\":\"https:\/\/www.hotelberthod.com\/tipologie\/\",\"url\":\"https:\/\/www.hotelberthod.com\/tipologie\/\",\"name\":\"Le tipologie degli appartamenti Enclos de Moro ai piedi del Monte Bianco\",\"isPartOf\":{\"@id\":\"\/#website\"},\"datePublished\":\"2021-03-26T11:01:53+00:00\",\"dateModified\":\"2021-05-21T12:16:25+00:00\",\"breadcrumb\":{\"@id\":\"https:\/\/www.hotelberthod.com\/tipologie\/#breadcrumb\"},\"inLanguage\":\"fr-FR\",\"potentialAction\":[{\"@type\":\"ReadAction\",\"target\":[\"https:\/\/www.hotelberthod.com\/tipologie\/\"]}]},{\"@type\":\"BreadcrumbList\",\"@id\":\"https:\/\/www.hotelberthod.com\/tipologie\/#breadcrumb\",\"itemListElement\":[{\"@type\":\"ListItem\",\"position\":1,\"name\":\"Home\",\"item\":\"https:\/\/www.hotelberthod.com\/fr\/\"},{\"@type\":\"ListItem\",\"position\":2,\"name\":\"Tipologie\"}]},{\"@type\":\"WebSite\",\"@id\":\"\/#website\",\"url\":\"\/\",\"name\":\"Hotel Berthod\",\"description\":\"Courmayeur\",\"potentialAction\":[{\"@type\":\"SearchAction\",\"target\":{\"@type\":\"EntryPoint\",\"urlTemplate\":\"\/?s={search_term_string}\"},\"query-input\":{\"@type\":\"PropertyValueSpecification\",\"valueRequired\":true,\"valueName\":\"search_term_string\"}}],\"inLanguage\":\"fr-FR\"}]}<\/script>\n<!-- \/ Yoast SEO plugin. -->","yoast_head_json":{"title":"Le tipologie degli appartamenti Enclos de Moro ai piedi del Monte Bianco","robots":{"index":"index","follow":"follow","max-snippet":"max-snippet:-1","max-image-preview":"max-image-preview:large","max-video-preview":"max-video-preview:-1"},"canonical":"https:\/\/www.hotelberthod.com\/tipologie\/","og_locale":"fr_FR","og_type":"article","og_title":"Le tipologie degli appartamenti Enclos de Moro ai piedi del Monte Bianco","og_description":"Le tipologie di appartamentoBilocali, trilocali ... La prenotazione diretta tramite questo sito vi assicura il prezzo migliore: vengono infatti annullati tutti gli eventuali costi di intermediazione dei portali online. Cliccando 'prenota' sar\u00e0 facile e immediato scoprire la disponibilit\u00e0 di stanze e ricevere una risposta in tempi davvero rapidi. Prenotando direttamente il referente sar\u00e0 sempre e [&hellip;]","og_url":"https:\/\/www.hotelberthod.com\/tipologie\/","og_site_name":"Hotel Berthod","article_modified_time":"2021-05-21T12:16:25+00:00","twitter_card":"summary_large_image","twitter_misc":{"Dur\u00e9e de lecture estim\u00e9e":"11 minutes"},"schema":{"@context":"https:\/\/schema.org","@graph":[{"@type":"WebPage","@id":"https:\/\/www.hotelberthod.com\/tipologie\/","url":"https:\/\/www.hotelberthod.com\/tipologie\/","name":"Le tipologie degli appartamenti Enclos de Moro ai piedi del Monte Bianco","isPartOf":{"@id":"\/#website"},"datePublished":"2021-03-26T11:01:53+00:00","dateModified":"2021-05-21T12:16:25+00:00","breadcrumb":{"@id":"https:\/\/www.hotelberthod.com\/tipologie\/#breadcrumb"},"inLanguage":"fr-FR","potentialAction":[{"@type":"ReadAction","target":["https:\/\/www.hotelberthod.com\/tipologie\/"]}]},{"@type":"BreadcrumbList","@id":"https:\/\/www.hotelberthod.com\/tipologie\/#breadcrumb","itemListElement":[{"@type":"ListItem","position":1,"name":"Home","item":"https:\/\/www.hotelberthod.com\/fr\/"},{"@type":"ListItem","position":2,"name":"Tipologie"}]},{"@type":"WebSite","@id":"\/#website","url":"\/","name":"Hotel Berthod","description":"Courmayeur","potentialAction":[{"@type":"SearchAction","target":{"@type":"EntryPoint","urlTemplate":"\/?s={search_term_string}"},"query-input":{"@type":"PropertyValueSpecification","valueRequired":true,"valueName":"search_term_string"}}],"inLanguage":"fr-FR"}]}},"_links":{"self":[{"href":"https:\/\/www.hotelberthod.com\/fr\/wp-json\/wp\/v2\/pages\/2759"}],"collection":[{"href":"https:\/\/www.hotelberthod.com\/fr\/wp-json\/wp\/v2\/pages"}],"about":[{"href":"https:\/\/www.hotelberthod.com\/fr\/wp-json\/wp\/v2\/types\/page"}],"author":[{"embeddable":true,"href":"https:\/\/www.hotelberthod.com\/fr\/wp-json\/wp\/v2\/users\/1"}],"replies":[{"embeddable":true,"href":"https:\/\/www.hotelberthod.com\/fr\/wp-json\/wp\/v2\/comments?post=2759"}],"version-history":[{"count":6,"href":"https:\/\/www.hotelberthod.com\/fr\/wp-json\/wp\/v2\/pages\/2759\/revisions"}],"predecessor-version":[{"id":2976,"href":"https:\/\/www.hotelberthod.com\/fr\/wp-json\/wp\/v2\/pages\/2759\/revisions\/2976"}],"wp:attachment":[{"href":"https:\/\/www.hotelberthod.com\/fr\/wp-json\/wp\/v2\/media?parent=2759"}],"curies":[{"name":"wp","href":"https:\/\/api.w.org\/{rel}","templated":true}]}}